{"id":511,"date":"2019-10-21T20:08:38","date_gmt":"2019-10-21T18:08:38","guid":{"rendered":"https:\/\/kuukcollection.com\/?post_type=product&#038;p=511"},"modified":"2024-10-02T14:44:25","modified_gmt":"2024-10-02T12:44:25","slug":"d006","status":"publish","type":"product","link":"https:\/\/kuukcollection.com\/?product=d006","title":{"rendered":"D#006"},"content":{"rendered":"","protected":false},"excerpt":{"rendered":"<p><strong>mat\u00e9riau :<\/strong> perles de verre, fermoir en laiton<br \/>\n<strong>largeur :<\/strong> 7cm<\/p>\n<p>S: 15,5-16,5cm (3&rsquo;519 perles)<br \/>\nM: 17-18cm (3&rsquo;927 perles)<br \/>\nL: 18,5-19,5cm (4&rsquo;335 perles)<br \/>\nXL: 20-21cm (4&rsquo;743 perles)<\/p>\n<p><strong>ATTENTION :<\/strong> Quand vous mesurez votre poignet, ajoutez un 1cm-1,5cm pour \u00eatre s\u00fbr que le bracelet ne soit pas trop serr\u00e9!<\/p>\n","protected":false},"featured_media":516,"template":"","meta":[],"product_brand":[],"product_cat":[35,25],"product_tag":[],"class_list":{"0":"post-511","1":"product","2":"type-product","3":"status-publish","4":"has-post-thumbnail","6":"product_cat-bracelets","7":"product_cat-matoaka","9":"first","10":"instock","11":"shipping-taxable","12":"purchasable","13":"product-type-variable"},"jetpack_sharing_enabled":true,"_links":{"self":[{"href":"https:\/\/kuukcollection.com\/index.php?rest_route=\/wp\/v2\/product\/511","targetHints":{"allow":["GET"]}}],"collection":[{"href":"https:\/\/kuukcollection.com\/index.php?rest_route=\/wp\/v2\/product"}],"about":[{"href":"https:\/\/kuukcollection.com\/index.php?rest_route=\/wp\/v2\/types\/product"}],"wp:featuredmedia":[{"embeddable":true,"href":"https:\/\/kuukcollection.com\/index.php?rest_route=\/wp\/v2\/media\/516"}],"wp:attachment":[{"href":"https:\/\/kuukcollection.com\/index.php?rest_route=%2Fwp%2Fv2%2Fmedia&parent=511"}],"wp:term":[{"taxonomy":"product_brand","embeddable":true,"href":"https:\/\/kuukcollection.com\/index.php?rest_route=%2Fwp%2Fv2%2Fproduct_brand&post=511"},{"taxonomy":"product_cat","embeddable":true,"href":"https:\/\/kuukcollection.com\/index.php?rest_route=%2Fwp%2Fv2%2Fproduct_cat&post=511"},{"taxonomy":"product_tag","embeddable":true,"href":"https:\/\/kuukcollection.com\/index.php?rest_route=%2Fwp%2Fv2%2Fproduct_tag&post=511"}],"curies":[{"name":"wp","href":"https:\/\/api.w.org\/{rel}","templated":true}]}}