{"id":375,"date":"2019-10-21T14:19:19","date_gmt":"2019-10-21T12:19:19","guid":{"rendered":"https:\/\/kuukcollection.com\/?post_type=product&#038;p=375"},"modified":"2025-12-10T14:05:21","modified_gmt":"2025-12-10T13:05:21","slug":"d012","status":"publish","type":"product","link":"https:\/\/kuukcollection.com\/?product=d012","title":{"rendered":"D#012"},"content":{"rendered":"","protected":false},"excerpt":{"rendered":"<p><strong>mat\u00e9riau :<\/strong> perles de verre, fermoir en laiton<br \/>\n<strong>largeur :<\/strong> 3,5cm<\/p>\n<p>S: 13,5-14,5cm (1&rsquo;891 perles)<br \/>\nM: 15-17,5cm (2&rsquo;139 perles)<br \/>\nL: 18-21,5cm (2&rsquo;387 perles)<\/p>\n<p>ATTENTION : Quand vous mesurez votre poignet, ajoutez un 1cm-1,5cm pour \u00eatre s\u00fbr que le bracelet ne soit pas trop serr\u00e9!<\/p>\n","protected":false},"featured_media":570,"template":"","meta":[],"product_brand":[],"product_cat":[35,25],"product_tag":[],"class_list":{"0":"post-375","1":"product","2":"type-product","3":"status-publish","4":"has-post-thumbnail","6":"product_cat-bracelets","7":"product_cat-matoaka","9":"first","10":"instock","11":"shipping-taxable","12":"purchasable","13":"product-type-variable"},"jetpack_sharing_enabled":true,"_links":{"self":[{"href":"https:\/\/kuukcollection.com\/index.php?rest_route=\/wp\/v2\/product\/375","targetHints":{"allow":["GET"]}}],"collection":[{"href":"https:\/\/kuukcollection.com\/index.php?rest_route=\/wp\/v2\/product"}],"about":[{"href":"https:\/\/kuukcollection.com\/index.php?rest_route=\/wp\/v2\/types\/product"}],"wp:featuredmedia":[{"embeddable":true,"href":"https:\/\/kuukcollection.com\/index.php?rest_route=\/wp\/v2\/media\/570"}],"wp:attachment":[{"href":"https:\/\/kuukcollection.com\/index.php?rest_route=%2Fwp%2Fv2%2Fmedia&parent=375"}],"wp:term":[{"taxonomy":"product_brand","embeddable":true,"href":"https:\/\/kuukcollection.com\/index.php?rest_route=%2Fwp%2Fv2%2Fproduct_brand&post=375"},{"taxonomy":"product_cat","embeddable":true,"href":"https:\/\/kuukcollection.com\/index.php?rest_route=%2Fwp%2Fv2%2Fproduct_cat&post=375"},{"taxonomy":"product_tag","embeddable":true,"href":"https:\/\/kuukcollection.com\/index.php?rest_route=%2Fwp%2Fv2%2Fproduct_tag&post=375"}],"curies":[{"name":"wp","href":"https:\/\/api.w.org\/{rel}","templated":true}]}}