{"id":3569,"date":"2025-12-18T22:28:28","date_gmt":"2025-12-18T21:28:28","guid":{"rendered":"https:\/\/kuukcollection.com\/?post_type=product&#038;p=3569"},"modified":"2026-01-14T13:11:39","modified_gmt":"2026-01-14T12:11:39","slug":"vigne","status":"publish","type":"product","link":"https:\/\/kuukcollection.com\/?product=vigne","title":{"rendered":"Vigne"},"content":{"rendered":"","protected":false},"excerpt":{"rendered":"<p><strong>CREOLES<\/strong><\/p>\n<p>Feuilles de vigne enti\u00e8rement d\u00e9coup\u00e9es et travaill\u00e9es \u00e0 la main<\/p>\n<p><strong>mat\u00e9riaux :<\/strong> cr\u00e9oles en argent 925, feuille de vigne en laiton, le tout dor\u00e9 \u00e0 l&rsquo;or fin, finition brillante<\/p>\n<p>&nbsp;<\/p>\n<p>&nbsp;<\/p>\n<p>&nbsp;<\/p>\n<p>&nbsp;<\/p>\n","protected":false},"featured_media":3570,"template":"","meta":[],"product_brand":[],"product_cat":[39,38],"product_tag":[],"class_list":{"0":"post-3569","1":"product","2":"type-product","3":"status-publish","4":"has-post-thumbnail","6":"product_cat-jane-boucles","7":"product_cat-jane","9":"first","10":"instock","11":"shipping-taxable","12":"purchasable","13":"product-type-simple"},"jetpack_sharing_enabled":true,"_links":{"self":[{"href":"https:\/\/kuukcollection.com\/index.php?rest_route=\/wp\/v2\/product\/3569","targetHints":{"allow":["GET"]}}],"collection":[{"href":"https:\/\/kuukcollection.com\/index.php?rest_route=\/wp\/v2\/product"}],"about":[{"href":"https:\/\/kuukcollection.com\/index.php?rest_route=\/wp\/v2\/types\/product"}],"wp:featuredmedia":[{"embeddable":true,"href":"https:\/\/kuukcollection.com\/index.php?rest_route=\/wp\/v2\/media\/3570"}],"wp:attachment":[{"href":"https:\/\/kuukcollection.com\/index.php?rest_route=%2Fwp%2Fv2%2Fmedia&parent=3569"}],"wp:term":[{"taxonomy":"product_brand","embeddable":true,"href":"https:\/\/kuukcollection.com\/index.php?rest_route=%2Fwp%2Fv2%2Fproduct_brand&post=3569"},{"taxonomy":"product_cat","embeddable":true,"href":"https:\/\/kuukcollection.com\/index.php?rest_route=%2Fwp%2Fv2%2Fproduct_cat&post=3569"},{"taxonomy":"product_tag","embeddable":true,"href":"https:\/\/kuukcollection.com\/index.php?rest_route=%2Fwp%2Fv2%2Fproduct_tag&post=3569"}],"curies":[{"name":"wp","href":"https:\/\/api.w.org\/{rel}","templated":true}]}}