{"id":3567,"date":"2025-12-18T22:25:49","date_gmt":"2025-12-18T21:25:49","guid":{"rendered":"https:\/\/kuukcollection.com\/?post_type=product&#038;p=3567"},"modified":"2026-01-15T12:10:48","modified_gmt":"2026-01-15T11:10:48","slug":"figuier","status":"publish","type":"product","link":"https:\/\/kuukcollection.com\/?product=figuier","title":{"rendered":"Figuier"},"content":{"rendered":"","protected":false},"excerpt":{"rendered":"<p><strong>COLLIER<\/strong><\/p>\n<p>Feuille de figuier enti\u00e8rement d\u00e9coup\u00e9e et travaill\u00e9e \u00e0 la main, perles de lapis lazuli assorties<\/p>\n<p><strong>mat\u00e9riaux :<\/strong> feuille en laiton, cha\u00eene en acier inoxydable, le tout dor\u00e9 \u00e0 l&rsquo;or fin, finition mat<\/p>\n<p><strong>taille :<\/strong> longueur de cha\u00eene 44cm avec 3cm de cha\u00eenette de r\u00e9glage<\/p>\n<p>&nbsp;<\/p>\n<p>&nbsp;<\/p>\n<p>&nbsp;<\/p>\n<p>&nbsp;<\/p>\n","protected":false},"featured_media":3568,"template":"","meta":[],"product_brand":[],"product_cat":[41,38],"product_tag":[],"class_list":{"0":"post-3567","1":"product","2":"type-product","3":"status-publish","4":"has-post-thumbnail","6":"product_cat-jane-bracelets","7":"product_cat-jane","9":"first","10":"instock","11":"shipping-taxable","12":"purchasable","13":"product-type-simple"},"jetpack_sharing_enabled":true,"_links":{"self":[{"href":"https:\/\/kuukcollection.com\/index.php?rest_route=\/wp\/v2\/product\/3567","targetHints":{"allow":["GET"]}}],"collection":[{"href":"https:\/\/kuukcollection.com\/index.php?rest_route=\/wp\/v2\/product"}],"about":[{"href":"https:\/\/kuukcollection.com\/index.php?rest_route=\/wp\/v2\/types\/product"}],"wp:featuredmedia":[{"embeddable":true,"href":"https:\/\/kuukcollection.com\/index.php?rest_route=\/wp\/v2\/media\/3568"}],"wp:attachment":[{"href":"https:\/\/kuukcollection.com\/index.php?rest_route=%2Fwp%2Fv2%2Fmedia&parent=3567"}],"wp:term":[{"taxonomy":"product_brand","embeddable":true,"href":"https:\/\/kuukcollection.com\/index.php?rest_route=%2Fwp%2Fv2%2Fproduct_brand&post=3567"},{"taxonomy":"product_cat","embeddable":true,"href":"https:\/\/kuukcollection.com\/index.php?rest_route=%2Fwp%2Fv2%2Fproduct_cat&post=3567"},{"taxonomy":"product_tag","embeddable":true,"href":"https:\/\/kuukcollection.com\/index.php?rest_route=%2Fwp%2Fv2%2Fproduct_tag&post=3567"}],"curies":[{"name":"wp","href":"https:\/\/api.w.org\/{rel}","templated":true}]}}