{"id":3553,"date":"2025-12-18T22:11:17","date_gmt":"2025-12-18T21:11:17","guid":{"rendered":"https:\/\/kuukcollection.com\/?post_type=product&#038;p=3553"},"modified":"2025-12-18T22:13:58","modified_gmt":"2025-12-18T21:13:58","slug":"fairy-fern","status":"publish","type":"product","link":"https:\/\/kuukcollection.com\/?product=fairy-fern","title":{"rendered":"Fairy Fern"},"content":{"rendered":"","protected":false},"excerpt":{"rendered":"<p>BOUCLES D&rsquo;OREILLES<\/p>\n<p>Feuilles d&rsquo;Odontosoria Retusa, appel\u00e9e Fairy Fern enti\u00e8rement d\u00e9coup\u00e9es et travaill\u00e9es \u00e0 la main<\/p>\n<p>mat\u00e9riaux : crochets en argent 925, feuille d&rsquo;odontosoria en laiton, le tout dor\u00e9 \u00e0 l&rsquo;or fin, finition mat, perles labradorites naturelles<\/p>\n<p>&nbsp;<\/p>\n<p>&nbsp;<\/p>\n<p>&nbsp;<\/p>\n<p>&nbsp;<\/p>\n","protected":false},"featured_media":3556,"template":"","meta":[],"product_brand":[],"product_cat":[39,38],"product_tag":[],"class_list":{"0":"post-3553","1":"product","2":"type-product","3":"status-publish","4":"has-post-thumbnail","6":"product_cat-jane-boucles","7":"product_cat-jane","9":"first","10":"instock","11":"shipping-taxable","12":"purchasable","13":"product-type-simple"},"jetpack_sharing_enabled":true,"_links":{"self":[{"href":"https:\/\/kuukcollection.com\/index.php?rest_route=\/wp\/v2\/product\/3553","targetHints":{"allow":["GET"]}}],"collection":[{"href":"https:\/\/kuukcollection.com\/index.php?rest_route=\/wp\/v2\/product"}],"about":[{"href":"https:\/\/kuukcollection.com\/index.php?rest_route=\/wp\/v2\/types\/product"}],"wp:featuredmedia":[{"embeddable":true,"href":"https:\/\/kuukcollection.com\/index.php?rest_route=\/wp\/v2\/media\/3556"}],"wp:attachment":[{"href":"https:\/\/kuukcollection.com\/index.php?rest_route=%2Fwp%2Fv2%2Fmedia&parent=3553"}],"wp:term":[{"taxonomy":"product_brand","embeddable":true,"href":"https:\/\/kuukcollection.com\/index.php?rest_route=%2Fwp%2Fv2%2Fproduct_brand&post=3553"},{"taxonomy":"product_cat","embeddable":true,"href":"https:\/\/kuukcollection.com\/index.php?rest_route=%2Fwp%2Fv2%2Fproduct_cat&post=3553"},{"taxonomy":"product_tag","embeddable":true,"href":"https:\/\/kuukcollection.com\/index.php?rest_route=%2Fwp%2Fv2%2Fproduct_tag&post=3553"}],"curies":[{"name":"wp","href":"https:\/\/api.w.org\/{rel}","templated":true}]}}