{"id":3432,"date":"2025-08-11T14:52:53","date_gmt":"2025-08-11T12:52:53","guid":{"rendered":"https:\/\/kuukcollection.com\/?post_type=product&#038;p=3432"},"modified":"2026-01-14T13:09:31","modified_gmt":"2026-01-14T12:09:31","slug":"collier-fougere-2","status":"publish","type":"product","link":"https:\/\/kuukcollection.com\/?product=collier-fougere-2","title":{"rendered":"Foug\u00e8re Australe"},"content":{"rendered":"","protected":false},"excerpt":{"rendered":"<p><strong>COLLIER<\/strong><\/p>\n<p>Foliole de foug\u00e8re australe enti\u00e8rement d\u00e9coup\u00e9e et travaill\u00e9e \u00e0 la main<\/p>\n<p><strong>mat\u00e9riaux :<\/strong> feuille en laiton, cha\u00eene en acier inoxydable, le tout dor\u00e9 \u00e0 l&rsquo;or fin<\/p>\n<p><strong>taille :<\/strong> longueur cha\u00eene 38cm et 4cm de cha\u00eenette de r\u00e9glage<\/p>\n<p>&nbsp;<\/p>\n<p>&nbsp;<\/p>\n<p>&nbsp;<\/p>\n<p>&nbsp;<\/p>\n","protected":false},"featured_media":3435,"template":"","meta":[],"product_brand":[],"product_cat":[41,38],"product_tag":[],"class_list":{"0":"post-3432","1":"product","2":"type-product","3":"status-publish","4":"has-post-thumbnail","6":"product_cat-jane-bracelets","7":"product_cat-jane","9":"first","10":"instock","11":"shipping-taxable","12":"purchasable","13":"product-type-variable","14":"has-default-attributes"},"jetpack_sharing_enabled":true,"_links":{"self":[{"href":"https:\/\/kuukcollection.com\/index.php?rest_route=\/wp\/v2\/product\/3432","targetHints":{"allow":["GET"]}}],"collection":[{"href":"https:\/\/kuukcollection.com\/index.php?rest_route=\/wp\/v2\/product"}],"about":[{"href":"https:\/\/kuukcollection.com\/index.php?rest_route=\/wp\/v2\/types\/product"}],"wp:featuredmedia":[{"embeddable":true,"href":"https:\/\/kuukcollection.com\/index.php?rest_route=\/wp\/v2\/media\/3435"}],"wp:attachment":[{"href":"https:\/\/kuukcollection.com\/index.php?rest_route=%2Fwp%2Fv2%2Fmedia&parent=3432"}],"wp:term":[{"taxonomy":"product_brand","embeddable":true,"href":"https:\/\/kuukcollection.com\/index.php?rest_route=%2Fwp%2Fv2%2Fproduct_brand&post=3432"},{"taxonomy":"product_cat","embeddable":true,"href":"https:\/\/kuukcollection.com\/index.php?rest_route=%2Fwp%2Fv2%2Fproduct_cat&post=3432"},{"taxonomy":"product_tag","embeddable":true,"href":"https:\/\/kuukcollection.com\/index.php?rest_route=%2Fwp%2Fv2%2Fproduct_tag&post=3432"}],"curies":[{"name":"wp","href":"https:\/\/api.w.org\/{rel}","templated":true}]}}