{"id":3396,"date":"2025-08-11T14:24:35","date_gmt":"2025-08-11T12:24:35","guid":{"rendered":"https:\/\/kuukcollection.com\/?post_type=product&#038;p=3396"},"modified":"2025-12-18T17:52:15","modified_gmt":"2025-12-18T16:52:15","slug":"bague-ginko","status":"publish","type":"product","link":"https:\/\/kuukcollection.com\/?product=bague-ginko","title":{"rendered":"Gingko Biloba"},"content":{"rendered":"","protected":false},"excerpt":{"rendered":"<p>BAGUE REGLABLE<\/p>\n<p>Feuille de gingko d\u00e9coup\u00e9e et travaill\u00e9e \u00e0 la main<\/p>\n<p>mat\u00e9riaux : laiton dor\u00e9 \u00e0 l&rsquo;or fin (2 microns)<\/p>\n<p>taille : 51-56<\/p>\n<p>&nbsp;<\/p>\n<p>&nbsp;<\/p>\n<p>&nbsp;<\/p>\n","protected":false},"featured_media":3399,"template":"","meta":[],"product_brand":[],"product_cat":[40,38],"product_tag":[],"class_list":{"0":"post-3396","1":"product","2":"type-product","3":"status-publish","4":"has-post-thumbnail","6":"product_cat-jane-bagues","7":"product_cat-jane","9":"first","10":"instock","11":"shipping-taxable","12":"purchasable","13":"product-type-variable"},"jetpack_sharing_enabled":true,"_links":{"self":[{"href":"https:\/\/kuukcollection.com\/index.php?rest_route=\/wp\/v2\/product\/3396","targetHints":{"allow":["GET"]}}],"collection":[{"href":"https:\/\/kuukcollection.com\/index.php?rest_route=\/wp\/v2\/product"}],"about":[{"href":"https:\/\/kuukcollection.com\/index.php?rest_route=\/wp\/v2\/types\/product"}],"wp:featuredmedia":[{"embeddable":true,"href":"https:\/\/kuukcollection.com\/index.php?rest_route=\/wp\/v2\/media\/3399"}],"wp:attachment":[{"href":"https:\/\/kuukcollection.com\/index.php?rest_route=%2Fwp%2Fv2%2Fmedia&parent=3396"}],"wp:term":[{"taxonomy":"product_brand","embeddable":true,"href":"https:\/\/kuukcollection.com\/index.php?rest_route=%2Fwp%2Fv2%2Fproduct_brand&post=3396"},{"taxonomy":"product_cat","embeddable":true,"href":"https:\/\/kuukcollection.com\/index.php?rest_route=%2Fwp%2Fv2%2Fproduct_cat&post=3396"},{"taxonomy":"product_tag","embeddable":true,"href":"https:\/\/kuukcollection.com\/index.php?rest_route=%2Fwp%2Fv2%2Fproduct_tag&post=3396"}],"curies":[{"name":"wp","href":"https:\/\/api.w.org\/{rel}","templated":true}]}}