{"id":3384,"date":"2025-08-11T14:15:30","date_gmt":"2025-08-11T12:15:30","guid":{"rendered":"https:\/\/kuukcollection.com\/?post_type=product&#038;p=3384"},"modified":"2025-12-18T17:52:48","modified_gmt":"2025-12-18T16:52:48","slug":"bague-fougere-03","status":"publish","type":"product","link":"https:\/\/kuukcollection.com\/?product=bague-fougere-03","title":{"rendered":"Foug\u00e8re Australe"},"content":{"rendered":"","protected":false},"excerpt":{"rendered":"<p>BAGUE REGLABLE<\/p>\n<p>Foliole de foug\u00e8re australe enti\u00e8rement d\u00e9coup\u00e9e et travaill\u00e9e \u00e0 la main<\/p>\n<p>mat\u00e9riaux : laiton dor\u00e9 \u00e0 l&rsquo;or fin (2 microns)<\/p>\n<p>taille : 53-57<\/p>\n<p>&nbsp;<\/p>\n<p>&nbsp;<\/p>\n<p>&nbsp;<\/p>\n","protected":false},"featured_media":3371,"template":"","meta":[],"product_brand":[],"product_cat":[40,38],"product_tag":[],"class_list":{"0":"post-3384","1":"product","2":"type-product","3":"status-publish","4":"has-post-thumbnail","6":"product_cat-jane-bagues","7":"product_cat-jane","9":"first","10":"instock","11":"shipping-taxable","12":"purchasable","13":"product-type-variable","14":"has-default-attributes"},"jetpack_sharing_enabled":true,"_links":{"self":[{"href":"https:\/\/kuukcollection.com\/index.php?rest_route=\/wp\/v2\/product\/3384","targetHints":{"allow":["GET"]}}],"collection":[{"href":"https:\/\/kuukcollection.com\/index.php?rest_route=\/wp\/v2\/product"}],"about":[{"href":"https:\/\/kuukcollection.com\/index.php?rest_route=\/wp\/v2\/types\/product"}],"wp:featuredmedia":[{"embeddable":true,"href":"https:\/\/kuukcollection.com\/index.php?rest_route=\/wp\/v2\/media\/3371"}],"wp:attachment":[{"href":"https:\/\/kuukcollection.com\/index.php?rest_route=%2Fwp%2Fv2%2Fmedia&parent=3384"}],"wp:term":[{"taxonomy":"product_brand","embeddable":true,"href":"https:\/\/kuukcollection.com\/index.php?rest_route=%2Fwp%2Fv2%2Fproduct_brand&post=3384"},{"taxonomy":"product_cat","embeddable":true,"href":"https:\/\/kuukcollection.com\/index.php?rest_route=%2Fwp%2Fv2%2Fproduct_cat&post=3384"},{"taxonomy":"product_tag","embeddable":true,"href":"https:\/\/kuukcollection.com\/index.php?rest_route=%2Fwp%2Fv2%2Fproduct_tag&post=3384"}],"curies":[{"name":"wp","href":"https:\/\/api.w.org\/{rel}","templated":true}]}}