{"id":3194,"date":"2025-03-25T13:05:04","date_gmt":"2025-03-25T12:05:04","guid":{"rendered":"https:\/\/kuukcollection.com\/?post_type=product&#038;p=3194"},"modified":"2025-03-25T13:13:38","modified_gmt":"2025-03-25T12:13:38","slug":"daria014-2","status":"publish","type":"product","link":"https:\/\/kuukcollection.com\/?product=daria014-2","title":{"rendered":"DARIA#014"},"content":{"rendered":"","protected":false},"excerpt":{"rendered":"<p>BOUCLES D&rsquo;OREILLES, PIECE UNIQUE<\/p>\n<p>mat\u00e9riaux : aiguilles horloge, perles malachite, clou gold filled<\/p>\n<p>=&gt;<\/p>\n<p>Tous les bijoux pr\u00e9sent\u00e9s dans la Collection Daria sont uniques.<br \/>\nExcept\u00e9s quelques uns ils sont tous faits \u00e0 partir d&rsquo;anciennes pi\u00e8ces d&rsquo;horlogerie, ils peuvent donc pr\u00e9senter quelques d\u00e9fauts.<\/p>\n","protected":false},"featured_media":3195,"template":"","meta":[],"product_brand":[],"product_cat":[30],"product_tag":[],"class_list":{"0":"post-3194","1":"product","2":"type-product","3":"status-publish","4":"has-post-thumbnail","6":"product_cat-daria","8":"first","9":"instock","10":"shipping-taxable","11":"purchasable","12":"product-type-simple"},"jetpack_sharing_enabled":true,"_links":{"self":[{"href":"https:\/\/kuukcollection.com\/index.php?rest_route=\/wp\/v2\/product\/3194","targetHints":{"allow":["GET"]}}],"collection":[{"href":"https:\/\/kuukcollection.com\/index.php?rest_route=\/wp\/v2\/product"}],"about":[{"href":"https:\/\/kuukcollection.com\/index.php?rest_route=\/wp\/v2\/types\/product"}],"wp:featuredmedia":[{"embeddable":true,"href":"https:\/\/kuukcollection.com\/index.php?rest_route=\/wp\/v2\/media\/3195"}],"wp:attachment":[{"href":"https:\/\/kuukcollection.com\/index.php?rest_route=%2Fwp%2Fv2%2Fmedia&parent=3194"}],"wp:term":[{"taxonomy":"product_brand","embeddable":true,"href":"https:\/\/kuukcollection.com\/index.php?rest_route=%2Fwp%2Fv2%2Fproduct_brand&post=3194"},{"taxonomy":"product_cat","embeddable":true,"href":"https:\/\/kuukcollection.com\/index.php?rest_route=%2Fwp%2Fv2%2Fproduct_cat&post=3194"},{"taxonomy":"product_tag","embeddable":true,"href":"https:\/\/kuukcollection.com\/index.php?rest_route=%2Fwp%2Fv2%2Fproduct_tag&post=3194"}],"curies":[{"name":"wp","href":"https:\/\/api.w.org\/{rel}","templated":true}]}}