{"id":3087,"date":"2020-11-20T14:56:46","date_gmt":"2020-11-20T13:56:46","guid":{"rendered":"https:\/\/kuukcollection.com\/?post_type=product&#038;p=3087"},"modified":"2025-12-10T13:45:46","modified_gmt":"2025-12-10T12:45:46","slug":"d019","status":"publish","type":"product","link":"https:\/\/kuukcollection.com\/?product=d019","title":{"rendered":"D#019"},"content":{"rendered":"","protected":false},"excerpt":{"rendered":"<p><strong>mat\u00e9riau :<\/strong> perles de verre, fermoir en laiton<br \/>\n<strong>largeur :<\/strong> 3,5cm<\/p>\n<p>S: 13,5-14,5cm (1&rsquo;891 perles)<br \/>\nM: 15-17,5cm (2&rsquo;139 perles)<br \/>\nL: 18-21,5cm (2&rsquo;387 perles)<\/p>\n<p>ATTENTION : Quand vous mesurez votre poignet, ajoutez un 1cm pour \u00eatre s\u00fbr que le bracelet ne soit pas trop serr\u00e9!<\/p>\n","protected":false},"featured_media":3093,"template":"","meta":[],"product_brand":[],"product_cat":[35,25],"product_tag":[],"class_list":{"0":"post-3087","1":"product","2":"type-product","3":"status-publish","4":"has-post-thumbnail","6":"product_cat-bracelets","7":"product_cat-matoaka","9":"first","10":"instock","11":"shipping-taxable","12":"purchasable","13":"product-type-variable"},"jetpack_sharing_enabled":true,"_links":{"self":[{"href":"https:\/\/kuukcollection.com\/index.php?rest_route=\/wp\/v2\/product\/3087","targetHints":{"allow":["GET"]}}],"collection":[{"href":"https:\/\/kuukcollection.com\/index.php?rest_route=\/wp\/v2\/product"}],"about":[{"href":"https:\/\/kuukcollection.com\/index.php?rest_route=\/wp\/v2\/types\/product"}],"wp:featuredmedia":[{"embeddable":true,"href":"https:\/\/kuukcollection.com\/index.php?rest_route=\/wp\/v2\/media\/3093"}],"wp:attachment":[{"href":"https:\/\/kuukcollection.com\/index.php?rest_route=%2Fwp%2Fv2%2Fmedia&parent=3087"}],"wp:term":[{"taxonomy":"product_brand","embeddable":true,"href":"https:\/\/kuukcollection.com\/index.php?rest_route=%2Fwp%2Fv2%2Fproduct_brand&post=3087"},{"taxonomy":"product_cat","embeddable":true,"href":"https:\/\/kuukcollection.com\/index.php?rest_route=%2Fwp%2Fv2%2Fproduct_cat&post=3087"},{"taxonomy":"product_tag","embeddable":true,"href":"https:\/\/kuukcollection.com\/index.php?rest_route=%2Fwp%2Fv2%2Fproduct_tag&post=3087"}],"curies":[{"name":"wp","href":"https:\/\/api.w.org\/{rel}","templated":true}]}}