{"id":3049,"date":"2020-09-12T18:08:42","date_gmt":"2020-09-12T16:08:42","guid":{"rendered":"https:\/\/kuukcollection.com\/?post_type=product&#038;p=3049"},"modified":"2024-10-02T14:30:15","modified_gmt":"2024-10-02T12:30:15","slug":"bo004","status":"publish","type":"product","link":"https:\/\/kuukcollection.com\/?product=bo004","title":{"rendered":"BO#004"},"content":{"rendered":"","protected":false},"excerpt":{"rendered":"<p><strong>mat\u00e9riaux :<\/strong> perles rocailles en verre, crochet laiton plaqu\u00e9 or [disponible \u00e9galement en version argent\u00e9 avec crochet en argent 125)<\/p>\n<p>Vente par paire ou unit\u00e9<\/p>\n<p><strong>longueur :<\/strong> 6,5cm<\/p>\n<p>&nbsp;<\/p>\n<p>&nbsp;<\/p>\n","protected":false},"featured_media":3052,"template":"","meta":[],"product_brand":[],"product_cat":[37,25],"product_tag":[],"class_list":{"0":"post-3049","1":"product","2":"type-product","3":"status-publish","4":"has-post-thumbnail","6":"product_cat-boucles-doreilles","7":"product_cat-matoaka","9":"first","10":"instock","11":"shipping-taxable","12":"purchasable","13":"product-type-variable","14":"has-default-attributes"},"jetpack_sharing_enabled":true,"_links":{"self":[{"href":"https:\/\/kuukcollection.com\/index.php?rest_route=\/wp\/v2\/product\/3049","targetHints":{"allow":["GET"]}}],"collection":[{"href":"https:\/\/kuukcollection.com\/index.php?rest_route=\/wp\/v2\/product"}],"about":[{"href":"https:\/\/kuukcollection.com\/index.php?rest_route=\/wp\/v2\/types\/product"}],"wp:featuredmedia":[{"embeddable":true,"href":"https:\/\/kuukcollection.com\/index.php?rest_route=\/wp\/v2\/media\/3052"}],"wp:attachment":[{"href":"https:\/\/kuukcollection.com\/index.php?rest_route=%2Fwp%2Fv2%2Fmedia&parent=3049"}],"wp:term":[{"taxonomy":"product_brand","embeddable":true,"href":"https:\/\/kuukcollection.com\/index.php?rest_route=%2Fwp%2Fv2%2Fproduct_brand&post=3049"},{"taxonomy":"product_cat","embeddable":true,"href":"https:\/\/kuukcollection.com\/index.php?rest_route=%2Fwp%2Fv2%2Fproduct_cat&post=3049"},{"taxonomy":"product_tag","embeddable":true,"href":"https:\/\/kuukcollection.com\/index.php?rest_route=%2Fwp%2Fv2%2Fproduct_tag&post=3049"}],"curies":[{"name":"wp","href":"https:\/\/api.w.org\/{rel}","templated":true}]}}