{"id":1131,"date":"2019-10-31T19:12:27","date_gmt":"2019-10-31T18:12:27","guid":{"rendered":"https:\/\/kuukcollection.com\/?post_type=product&#038;p=1131"},"modified":"2024-10-25T11:38:15","modified_gmt":"2024-10-25T09:38:15","slug":"daria006","status":"publish","type":"product","link":"https:\/\/kuukcollection.com\/?product=daria006","title":{"rendered":"DARIA#006"},"content":{"rendered":"","protected":false},"excerpt":{"rendered":"<p>PIECE UNIQUE<\/p>\n<p>mat\u00e9riaux : laiton, cha\u00eene plaqu\u00e9e or 14K, cuir<br \/>\nlongueur : ajustable<\/p>\n<p>=&gt;<br \/>\nTous les bijoux pr\u00e9sent\u00e9s dans la Collection Daria sont uniques.<br \/>\nExcept\u00e9s quelques uns ils sont tous faits \u00e0 partir d&rsquo;anciennes pi\u00e8ces d&rsquo;horlogerie, ils peuvent donc pr\u00e9senter quelques d\u00e9fauts.<\/p>\n","protected":false},"featured_media":3167,"template":"","meta":[],"product_brand":[],"product_cat":[30],"product_tag":[],"class_list":{"0":"post-1131","1":"product","2":"type-product","3":"status-publish","4":"has-post-thumbnail","6":"product_cat-daria","8":"first","9":"outofstock","10":"shipping-taxable","11":"product-type-simple"},"jetpack_sharing_enabled":true,"_links":{"self":[{"href":"https:\/\/kuukcollection.com\/index.php?rest_route=\/wp\/v2\/product\/1131","targetHints":{"allow":["GET"]}}],"collection":[{"href":"https:\/\/kuukcollection.com\/index.php?rest_route=\/wp\/v2\/product"}],"about":[{"href":"https:\/\/kuukcollection.com\/index.php?rest_route=\/wp\/v2\/types\/product"}],"wp:featuredmedia":[{"embeddable":true,"href":"https:\/\/kuukcollection.com\/index.php?rest_route=\/wp\/v2\/media\/3167"}],"wp:attachment":[{"href":"https:\/\/kuukcollection.com\/index.php?rest_route=%2Fwp%2Fv2%2Fmedia&parent=1131"}],"wp:term":[{"taxonomy":"product_brand","embeddable":true,"href":"https:\/\/kuukcollection.com\/index.php?rest_route=%2Fwp%2Fv2%2Fproduct_brand&post=1131"},{"taxonomy":"product_cat","embeddable":true,"href":"https:\/\/kuukcollection.com\/index.php?rest_route=%2Fwp%2Fv2%2Fproduct_cat&post=1131"},{"taxonomy":"product_tag","embeddable":true,"href":"https:\/\/kuukcollection.com\/index.php?rest_route=%2Fwp%2Fv2%2Fproduct_tag&post=1131"}],"curies":[{"name":"wp","href":"https:\/\/api.w.org\/{rel}","templated":true}]}}