{"id":651,"date":"2019-10-24T18:45:32","date_gmt":"2019-10-24T16:45:32","guid":{"rendered":"https:\/\/kuukcollection.com\/?page_id=651"},"modified":"2026-01-15T12:17:40","modified_gmt":"2026-01-15T11:17:40","slug":"a-propos","status":"publish","type":"page","link":"https:\/\/kuukcollection.com\/?page_id=651","title":{"rendered":"A propos"},"content":{"rendered":"[vc_row type=\u00a0\u00bbin_container\u00a0\u00bb full_screen_row_position=\u00a0\u00bbmiddle\u00a0\u00bb column_margin=\u00a0\u00bbdefault\u00a0\u00bb column_direction=\u00a0\u00bbdefault\u00a0\u00bb column_direction_tablet=\u00a0\u00bbdefault\u00a0\u00bb column_direction_phone=\u00a0\u00bbdefault\u00a0\u00bb scene_position=\u00a0\u00bbcenter\u00a0\u00bb text_color=\u00a0\u00bbdark\u00a0\u00bb text_align=\u00a0\u00bbleft\u00a0\u00bb row_border_radius=\u00a0\u00bbnone\u00a0\u00bb row_border_radius_applies=\u00a0\u00bbbg\u00a0\u00bb overflow=\u00a0\u00bbvisible\u00a0\u00bb overlay_strength=\u00a0\u00bb0.3&Prime; gradient_direction=\u00a0\u00bbleft_to_right\u00a0\u00bb shape_divider_position=\u00a0\u00bbbottom\u00a0\u00bb bg_image_animation=\u00a0\u00bbnone\u00a0\u00bb shape_type=\u00a0\u00bbspeech\u00a0\u00bb gradient_type=\u00a0\u00bbdefault\u00a0\u00bb][vc_column column_padding=\u00a0\u00bbno-extra-padding\u00a0\u00bb column_padding_tablet=\u00a0\u00bbinherit\u00a0\u00bb column_padding_phone=\u00a0\u00bbinherit\u00a0\u00bb column_padding_position=\u00a0\u00bball\u00a0\u00bb column_element_direction_desktop=\u00a0\u00bbdefault\u00a0\u00bb column_element_spacing=\u00a0\u00bbdefault\u00a0\u00bb centered_text=\u00a0\u00bbtrue\u00a0\u00bb desktop_text_alignment=\u00a0\u00bbdefault\u00a0\u00bb tablet_text_alignment=\u00a0\u00bbdefault\u00a0\u00bb phone_text_alignment=\u00a0\u00bbdefault\u00a0\u00bb background_color_opacity=\u00a0\u00bb1&Prime; background_hover_color_opacity=\u00a0\u00bb1&Prime; column_backdrop_filter=\u00a0\u00bbnone\u00a0\u00bb font_color=\u00a0\u00bb#000000&Prime; column_shadow=\u00a0\u00bbnone\u00a0\u00bb column_border_radius=\u00a0\u00bbnone\u00a0\u00bb column_link_target=\u00a0\u00bb_self\u00a0\u00bb column_position=\u00a0\u00bbdefault\u00a0\u00bb gradient_direction=\u00a0\u00bbleft_to_right\u00a0\u00bb overlay_strength=\u00a0\u00bb0.3&Prime; width=\u00a0\u00bb1\/2&Prime; tablet_width_inherit=\u00a0\u00bbdefault\u00a0\u00bb animation_type=\u00a0\u00bbdefault\u00a0\u00bb bg_image_animation=\u00a0\u00bbnone\u00a0\u00bb border_type=\u00a0\u00bbsimple\u00a0\u00bb column_border_width=\u00a0\u00bbnone\u00a0\u00bb column_border_style=\u00a0\u00bbsolid\u00a0\u00bb][split_line_heading animation_type=\u00a0\u00bbdefault\u00a0\u00bb text_direction=\u00a0\u00bbdefault\u00a0\u00bb]\n<h3><strong>Julia<\/strong><\/h3>\n<h5><strong>Cr\u00e9atrice de KUUK<\/strong><\/h5>\n[\/split_line_heading]<div class=\"iwithtext\"><div class=\"iwt-icon\">  <\/div><div class=\"iwt-text\"> \n<div id=\"attachment_3456\" style=\"width: 410px\" class=\"wp-caption aligncenter\"><a href=\"https:\/\/kuukcollection.com\/wp-content\/uploads\/2025\/11\/sans-titre-462.jpg\"><img loading=\"lazy\" decoding=\"async\" aria-describedby=\"caption-attachment-3456\" class=\"wp-image-3456\" src=\"https:\/\/kuukcollection.com\/wp-content\/uploads\/2025\/11\/sans-titre-462-200x300.jpg\" alt=\"\" width=\"400\" height=\"600\" srcset=\"https:\/\/kuukcollection.com\/wp-content\/uploads\/2025\/11\/sans-titre-462-200x300.jpg 200w, https:\/\/kuukcollection.com\/wp-content\/uploads\/2025\/11\/sans-titre-462-683x1024.jpg 683w, https:\/\/kuukcollection.com\/wp-content\/uploads\/2025\/11\/sans-titre-462-768x1152.jpg 768w, https:\/\/kuukcollection.com\/wp-content\/uploads\/2025\/11\/sans-titre-462-1024x1536.jpg 1024w, https:\/\/kuukcollection.com\/wp-content\/uploads\/2025\/11\/sans-titre-462-600x900.jpg 600w, https:\/\/kuukcollection.com\/wp-content\/uploads\/2025\/11\/sans-titre-462.jpg 1067w\" sizes=\"auto, (max-width: 400px) 100vw, 400px\" \/><\/a><p id=\"caption-attachment-3456\" class=\"wp-caption-text\">\u00a9 Aur\u00e9lie Lamour<\/p><\/div>\n<p>&nbsp;<\/p>\n<p>&nbsp;<\/p>\n<div class=\"mceTemp\">\n<p style=\"text-align: left;\"><strong>KUUK<\/strong>\u00a0 signifie<em>\u00ab rivi\u00e8re \u00bb<\/em> en Inuktitut.<\/p>\n<p style=\"text-align: left;\">Photographe documentariste, je me suis lanc\u00e9e dans l&rsquo;apprentissage autodidacte de la cr\u00e9ation de bijoux. J&rsquo;ai eu la chance de parcourir le monde pendant des ann\u00e9es et de d\u00e9couvrir de nombreuses terres et leurs communaut\u00e9s. En plus de la photographie je me passionne pour l&rsquo;artisanat.<\/p>\n<p style=\"text-align: left;\">C&rsquo;est apr\u00e8s un long voyage de plusieurs mois \u00e0 travers l&rsquo;Amazonie br\u00e9silienne que j&rsquo;ai cr\u00e9\u00e9 ma marque, en 2015. Proposant \u00e0 l&rsquo;\u00e9poque une collection nomm\u00e9e MATOAKA (le pr\u00e9nom de Pocahontas) compos\u00e9e de bracelets, bagues, puis boucles d&rsquo;oreilles, en perles de rocailles de verre tiss\u00e9es et mont\u00e9es sur laiton.<\/p>\n<p style=\"text-align: left;\">Par la suite je commence \u00e0 travailler le laiton en \u00ab\u00a0bricolant\u00a0\u00bb des pi\u00e8ces d&rsquo;horlogerie chin\u00e9es lors de mes ann\u00e9es de r\u00e9sidence en Suisse. De l\u00e0 na\u00eet la collection DARIA (en hommage \u00e0 Daria Halprin, dans Zabriskie Point). Chaque bijou, unique, est pens\u00e9 comme une petite sculpture. Daria, ce sont des pi\u00e8ces de montres et horloges associ\u00e9es \u00e0 la douceur des perles de pierres naturelles.<\/p>\n<p style=\"text-align: left;\">Vient ensuite la collection JANE (Tarzan, au plus proche de la jungle), toute derni\u00e8re arriv\u00e9e apr\u00e8s des ann\u00e9es de latence. Inspir\u00e9e d&rsquo;abord de v\u00e9g\u00e9taux m\u00e9moris\u00e9s de Nouvelle-Cal\u00e9donie, elle se d\u00e9veloppe et se d\u00e9cline autour de la vigne, du gingko, du figuier etc&#8230; Chaque bijou est r\u00e9alis\u00e9 avec soin dans mon atelier en Dr\u00f4me Proven\u00e7ale, et dor\u00e9 \u00e0 l&rsquo;or fin dans la vall\u00e9e du bijou en Ard\u00e8che.<\/p>\n<\/div>\n<p>&nbsp;<\/p>\n<p style=\"text-align: left;\"><em>(Bien qu\u2019inspir\u00e9e par l\u2019artisanat de diverses ethnies, je reste pr\u00e9occup\u00e9e et respectueuse des cultures qui me fascinent et prends soin de cr\u00e9er enti\u00e8rement mes designs afin de ne pas reproduire des motifs dont la signification est forte chez certains peuples et qui n\u2019appartiennent pas aux cultures occidentales.)<\/em><\/p>\n<div class=\"mceTemp\"><\/div>\n <\/div><div class=\"clear\"><\/div><\/div>[\/vc_column][vc_column column_padding=\u00a0\u00bbno-extra-padding\u00a0\u00bb column_padding_tablet=\u00a0\u00bbinherit\u00a0\u00bb column_padding_phone=\u00a0\u00bbinherit\u00a0\u00bb column_padding_position=\u00a0\u00bball\u00a0\u00bb column_element_direction_desktop=\u00a0\u00bbdefault\u00a0\u00bb column_element_spacing=\u00a0\u00bbdefault\u00a0\u00bb desktop_text_alignment=\u00a0\u00bbdefault\u00a0\u00bb tablet_text_alignment=\u00a0\u00bbdefault\u00a0\u00bb phone_text_alignment=\u00a0\u00bbdefault\u00a0\u00bb background_color_opacity=\u00a0\u00bb1&Prime; background_hover_color_opacity=\u00a0\u00bb1&Prime; column_backdrop_filter=\u00a0\u00bbnone\u00a0\u00bb column_shadow=\u00a0\u00bbnone\u00a0\u00bb column_border_radius=\u00a0\u00bbnone\u00a0\u00bb column_link_target=\u00a0\u00bb_self\u00a0\u00bb column_position=\u00a0\u00bbdefault\u00a0\u00bb gradient_direction=\u00a0\u00bbleft_to_right\u00a0\u00bb overlay_strength=\u00a0\u00bb0.3&Prime; width=\u00a0\u00bb1\/2&Prime; tablet_width_inherit=\u00a0\u00bbdefault\u00a0\u00bb animation_type=\u00a0\u00bbdefault\u00a0\u00bb bg_image_animation=\u00a0\u00bbnone\u00a0\u00bb border_type=\u00a0\u00bbsimple\u00a0\u00bb column_border_width=\u00a0\u00bbnone\u00a0\u00bb column_border_style=\u00a0\u00bbsolid\u00a0\u00bb][split_line_heading animation_type=\u00a0\u00bbdefault\u00a0\u00bb text_direction=\u00a0\u00bbdefault\u00a0\u00bb][\/split_line_heading]<div class=\"iwithtext\"><div class=\"iwt-icon\">  <\/div><div class=\"iwt-text\"> <a href=\"https:\/\/kuukcollection.com\/wp-content\/uploads\/2025\/11\/sans-titre-156.jpg\"><img loading=\"lazy\" decoding=\"async\" class=\"wp-image-3459 aligncenter\" src=\"https:\/\/kuukcollection.com\/wp-content\/uploads\/2025\/11\/sans-titre-156-300x200.jpg\" alt=\"\" width=\"450\" height=\"300\" srcset=\"https:\/\/kuukcollection.com\/wp-content\/uploads\/2025\/11\/sans-titre-156-300x200.jpg 300w, https:\/\/kuukcollection.com\/wp-content\/uploads\/2025\/11\/sans-titre-156-1024x683.jpg 1024w, https:\/\/kuukcollection.com\/wp-content\/uploads\/2025\/11\/sans-titre-156-768x512.jpg 768w, https:\/\/kuukcollection.com\/wp-content\/uploads\/2025\/11\/sans-titre-156-1536x1024.jpg 1536w, https:\/\/kuukcollection.com\/wp-content\/uploads\/2025\/11\/sans-titre-156-900x600.jpg 900w, https:\/\/kuukcollection.com\/wp-content\/uploads\/2025\/11\/sans-titre-156-1320x880.jpg 1320w, https:\/\/kuukcollection.com\/wp-content\/uploads\/2025\/11\/sans-titre-156-600x400.jpg 600w, https:\/\/kuukcollection.com\/wp-content\/uploads\/2025\/11\/sans-titre-156.jpg 1600w\" sizes=\"auto, (max-width: 450px) 100vw, 450px\" \/><\/a><\/p>\n<h4 style=\"text-align: center;\"><strong>ATELIER BOUTIQUE<\/strong><\/h4>\n<h4 style=\"text-align: center;\"><strong>Place de la R\u00e9cluse<\/strong><\/h4>\n<h4 style=\"text-align: center;\"><strong>26460 Bourdeaux<\/strong><\/h4>\n <\/div><div class=\"clear\"><\/div><\/div>[vc_gallery css=\u00a0\u00bb\u00a0\u00bb type=\u00a0\u00bbimage_grid\u00a0\u00bb images=\u00a0\u00bb3489,3487,3495,3488,3494,3497,3491,3492,3493,3496&Prime; image_grid_loading=\u00a0\u00bbdefault\u00a0\u00bb layout=\u00a0\u00bb3&Prime; masonry_style=\u00a0\u00bbtrue\u00a0\u00bb bypass_image_cropping=\u00a0\u00bbtrue\u00a0\u00bb item_spacing=\u00a0\u00bb4px\u00a0\u00bb gallery_style=\u00a0\u00bb7&Prime; load_in_animation=\u00a0\u00bbnone\u00a0\u00bb el_class=\u00a0\u00bb\u00a9 Aur\u00e9lie Lamour\u00a0\u00bb][vc_column_text css=\u00a0\u00bb\u00a0\u00bb text_direction=\u00a0\u00bbdefault\u00a0\u00bb]\n<h6 style=\"text-align: center;\"><strong>Photographies \u00a9 Aur\u00e9lie Lamour<\/strong><\/h6>\n[\/vc_column_text][\/vc_column][\/vc_row][vc_row type=\u00a0\u00bbin_container\u00a0\u00bb full_screen_row_position=\u00a0\u00bbmiddle\u00a0\u00bb column_margin=\u00a0\u00bbdefault\u00a0\u00bb column_direction=\u00a0\u00bbdefault\u00a0\u00bb column_direction_tablet=\u00a0\u00bbdefault\u00a0\u00bb column_direction_phone=\u00a0\u00bbdefault\u00a0\u00bb scene_position=\u00a0\u00bbcenter\u00a0\u00bb text_color=\u00a0\u00bbdark\u00a0\u00bb text_align=\u00a0\u00bbleft\u00a0\u00bb row_border_radius=\u00a0\u00bbnone\u00a0\u00bb row_border_radius_applies=\u00a0\u00bbbg\u00a0\u00bb overflow=\u00a0\u00bbvisible\u00a0\u00bb overlay_strength=\u00a0\u00bb0.3&Prime; gradient_direction=\u00a0\u00bbleft_to_right\u00a0\u00bb shape_divider_position=\u00a0\u00bbbottom\u00a0\u00bb bg_image_animation=\u00a0\u00bbnone\u00a0\u00bb][vc_column column_padding=\u00a0\u00bbno-extra-padding\u00a0\u00bb column_padding_tablet=\u00a0\u00bbinherit\u00a0\u00bb column_padding_phone=\u00a0\u00bbinherit\u00a0\u00bb column_padding_position=\u00a0\u00bball\u00a0\u00bb column_element_direction_desktop=\u00a0\u00bbdefault\u00a0\u00bb column_element_spacing=\u00a0\u00bbdefault\u00a0\u00bb desktop_text_alignment=\u00a0\u00bbdefault\u00a0\u00bb tablet_text_alignment=\u00a0\u00bbdefault\u00a0\u00bb phone_text_alignment=\u00a0\u00bbdefault\u00a0\u00bb background_color_opacity=\u00a0\u00bb1&Prime; background_hover_color_opacity=\u00a0\u00bb1&Prime; column_backdrop_filter=\u00a0\u00bbnone\u00a0\u00bb column_shadow=\u00a0\u00bbnone\u00a0\u00bb column_border_radius=\u00a0\u00bbnone\u00a0\u00bb column_link_target=\u00a0\u00bb_self\u00a0\u00bb column_position=\u00a0\u00bbdefault\u00a0\u00bb gradient_direction=\u00a0\u00bbleft_to_right\u00a0\u00bb overlay_strength=\u00a0\u00bb0.3&Prime; width=\u00a0\u00bb1\/6&Prime; tablet_width_inherit=\u00a0\u00bbdefault\u00a0\u00bb animation_type=\u00a0\u00bbdefault\u00a0\u00bb bg_image_animation=\u00a0\u00bbnone\u00a0\u00bb border_type=\u00a0\u00bbsimple\u00a0\u00bb column_border_width=\u00a0\u00bbnone\u00a0\u00bb column_border_style=\u00a0\u00bbsolid\u00a0\u00bb][\/vc_column][vc_column column_padding=\u00a0\u00bbno-extra-padding\u00a0\u00bb column_padding_tablet=\u00a0\u00bbinherit\u00a0\u00bb column_padding_phone=\u00a0\u00bbinherit\u00a0\u00bb column_padding_position=\u00a0\u00bball\u00a0\u00bb column_element_direction_desktop=\u00a0\u00bbdefault\u00a0\u00bb column_element_spacing=\u00a0\u00bbdefault\u00a0\u00bb desktop_text_alignment=\u00a0\u00bbdefault\u00a0\u00bb tablet_text_alignment=\u00a0\u00bbdefault\u00a0\u00bb phone_text_alignment=\u00a0\u00bbdefault\u00a0\u00bb background_color_opacity=\u00a0\u00bb1&Prime; background_hover_color_opacity=\u00a0\u00bb1&Prime; column_backdrop_filter=\u00a0\u00bbnone\u00a0\u00bb column_shadow=\u00a0\u00bbnone\u00a0\u00bb column_border_radius=\u00a0\u00bbnone\u00a0\u00bb column_link_target=\u00a0\u00bb_self\u00a0\u00bb column_position=\u00a0\u00bbdefault\u00a0\u00bb gradient_direction=\u00a0\u00bbleft_to_right\u00a0\u00bb overlay_strength=\u00a0\u00bb0.3&Prime; width=\u00a0\u00bb2\/3&Prime; tablet_width_inherit=\u00a0\u00bbdefault\u00a0\u00bb animation_type=\u00a0\u00bbdefault\u00a0\u00bb bg_image_animation=\u00a0\u00bbnone\u00a0\u00bb border_type=\u00a0\u00bbsimple\u00a0\u00bb column_border_width=\u00a0\u00bbnone\u00a0\u00bb column_border_style=\u00a0\u00bbsolid\u00a0\u00bb][nectar_image_comparison image_url=\u00a0\u00bb662&Prime; image_2_url=\u00a0\u00bb3484&Prime;][\/vc_column][vc_column column_padding=\u00a0\u00bbno-extra-padding\u00a0\u00bb column_padding_tablet=\u00a0\u00bbinherit\u00a0\u00bb column_padding_phone=\u00a0\u00bbinherit\u00a0\u00bb column_padding_position=\u00a0\u00bball\u00a0\u00bb column_element_direction_desktop=\u00a0\u00bbdefault\u00a0\u00bb column_element_spacing=\u00a0\u00bbdefault\u00a0\u00bb desktop_text_alignment=\u00a0\u00bbdefault\u00a0\u00bb tablet_text_alignment=\u00a0\u00bbdefault\u00a0\u00bb phone_text_alignment=\u00a0\u00bbdefault\u00a0\u00bb background_color_opacity=\u00a0\u00bb1&Prime; background_hover_color_opacity=\u00a0\u00bb1&Prime; column_backdrop_filter=\u00a0\u00bbnone\u00a0\u00bb column_shadow=\u00a0\u00bbnone\u00a0\u00bb column_border_radius=\u00a0\u00bbnone\u00a0\u00bb column_link_target=\u00a0\u00bb_self\u00a0\u00bb column_position=\u00a0\u00bbdefault\u00a0\u00bb gradient_direction=\u00a0\u00bbleft_to_right\u00a0\u00bb overlay_strength=\u00a0\u00bb0.3&Prime; width=\u00a0\u00bb1\/6&Prime; tablet_width_inherit=\u00a0\u00bbdefault\u00a0\u00bb animation_type=\u00a0\u00bbdefault\u00a0\u00bb bg_image_animation=\u00a0\u00bbnone\u00a0\u00bb border_type=\u00a0\u00bbsimple\u00a0\u00bb column_border_width=\u00a0\u00bbnone\u00a0\u00bb column_border_style=\u00a0\u00bbsolid\u00a0\u00bb][\/vc_column][\/vc_row]\n","protected":false},"excerpt":{"rendered":"<p>[vc_row type=\u00a0\u00bbin_container\u00a0\u00bb full_screen_row_position=\u00a0\u00bbmiddle\u00a0\u00bb column_margin=\u00a0\u00bbdefault\u00a0\u00bb column_direction=\u00a0\u00bbdefault\u00a0\u00bb column_direction_tablet=\u00a0\u00bbdefault\u00a0\u00bb column_direction_phone=\u00a0\u00bbdefault\u00a0\u00bb scene_position=\u00a0\u00bbcenter\u00a0\u00bb text_color=\u00a0\u00bbdark\u00a0\u00bb text_align=\u00a0\u00bbleft\u00a0\u00bb row_border_radius=\u00a0\u00bbnone\u00a0\u00bb row_border_radius_applies=\u00a0\u00bbbg\u00a0\u00bb overflow=\u00a0\u00bbvisible\u00a0\u00bb overlay_strength=\u00a0\u00bb0.3&Prime; gradient_direction=\u00a0\u00bbleft_to_right\u00a0\u00bb shape_divider_position=\u00a0\u00bbbottom\u00a0\u00bb bg_image_animation=\u00a0\u00bbnone\u00a0\u00bb shape_type=\u00a0\u00bbspeech\u00a0\u00bb gradient_type=\u00a0\u00bbdefault\u00a0\u00bb][vc_column column_padding=\u00a0\u00bbno-extra-padding\u00a0\u00bb column_padding_tablet=\u00a0\u00bbinherit\u00a0\u00bb column_padding_phone=\u00a0\u00bbinherit\u00a0\u00bb column_padding_position=\u00a0\u00bball\u00a0\u00bb column_element_direction_desktop=\u00a0\u00bbdefault\u00a0\u00bb column_element_spacing=\u00a0\u00bbdefault\u00a0\u00bb centered_text=\u00a0\u00bbtrue\u00a0\u00bb desktop_text_alignment=\u00a0\u00bbdefault\u00a0\u00bb tablet_text_alignment=\u00a0\u00bbdefault\u00a0\u00bb phone_text_alignment=\u00a0\u00bbdefault\u00a0\u00bb background_color_opacity=\u00a0\u00bb1&Prime;&#8230;<\/p>\n","protected":false},"author":1,"featured_media":0,"parent":0,"menu_order":0,"comment_status":"closed","ping_status":"closed","template":"","meta":{"footnotes":""},"class_list":["post-651","page","type-page","status-publish"],"jetpack_sharing_enabled":true,"_links":{"self":[{"href":"https:\/\/kuukcollection.com\/index.php?rest_route=\/wp\/v2\/pages\/651","targetHints":{"allow":["GET"]}}],"collection":[{"href":"https:\/\/kuukcollection.com\/index.php?rest_route=\/wp\/v2\/pages"}],"about":[{"href":"https:\/\/kuukcollection.com\/index.php?rest_route=\/wp\/v2\/types\/page"}],"author":[{"embeddable":true,"href":"https:\/\/kuukcollection.com\/index.php?rest_route=\/wp\/v2\/users\/1"}],"replies":[{"embeddable":true,"href":"https:\/\/kuukcollection.com\/index.php?rest_route=%2Fwp%2Fv2%2Fcomments&post=651"}],"version-history":[{"count":83,"href":"https:\/\/kuukcollection.com\/index.php?rest_route=\/wp\/v2\/pages\/651\/revisions"}],"predecessor-version":[{"id":3601,"href":"https:\/\/kuukcollection.com\/index.php?rest_route=\/wp\/v2\/pages\/651\/revisions\/3601"}],"wp:attachment":[{"href":"https:\/\/kuukcollection.com\/index.php?rest_route=%2Fwp%2Fv2%2Fmedia&parent=651"}],"curies":[{"name":"wp","href":"https:\/\/api.w.org\/{rel}","templated":true}]}}