{"id":1121,"date":"2019-10-31T18:35:27","date_gmt":"2019-10-31T17:35:27","guid":{"rendered":"https:\/\/kuukcollection.com\/?page_id=1121"},"modified":"2019-10-31T18:40:16","modified_gmt":"2019-10-31T17:40:16","slug":"une-envie-personnalisee","status":"publish","type":"page","link":"https:\/\/kuukcollection.com\/?page_id=1121","title":{"rendered":"Une envie personnalis\u00e9e?"},"content":{"rendered":"<h5 style=\"text-align: center;\"><strong>UNE ENVIE PERSONNALISEE?<\/strong><\/h5>\n<p style=\"text-align: center;\">\u2013\u2013<\/p>\n<h5 style=\"text-align: center;\">Vous aimez le motif d&rsquo;un bracelet,<\/h5>\n<h5 style=\"text-align: center;\">mais pr\u00e9f\u00e9rez les couleurs d&rsquo;un autre ?<\/h5>\n<h5 style=\"text-align: center;\">N&rsquo;h\u00e9sitez pas \u00e0 \u00e9crire via le formulaire<\/h5>\n<h5 style=\"text-align: center;\">sur la page \u00ab\u00a0contactez-nous\u00a0\u00bb ci-dessous!<\/h5>\n<p style=\"text-align: center;\">\n<p style=\"text-align: left;\"><strong><a href=\"https:\/\/kuukcollection.com\/wp-content\/uploads\/2019\/10\/ma-c048_3.jpg\"><img loading=\"lazy\" decoding=\"async\" class=\"wp-image-305 aligncenter\" src=\"https:\/\/kuukcollection.com\/wp-content\/uploads\/2019\/10\/ma-c048_3-200x300.jpg\" alt=\"\" width=\"450\" height=\"675\" srcset=\"https:\/\/kuukcollection.com\/wp-content\/uploads\/2019\/10\/ma-c048_3-200x300.jpg 200w, https:\/\/kuukcollection.com\/wp-content\/uploads\/2019\/10\/ma-c048_3-768x1152.jpg 768w, https:\/\/kuukcollection.com\/wp-content\/uploads\/2019\/10\/ma-c048_3-683x1024.jpg 683w, https:\/\/kuukcollection.com\/wp-content\/uploads\/2019\/10\/ma-c048_3-600x900.jpg 600w\" sizes=\"auto, (max-width: 450px) 100vw, 450px\" \/><\/a><\/strong><\/p>\n","protected":false},"excerpt":{"rendered":"<p>UNE ENVIE PERSONNALISEE? \u2013\u2013 Vous aimez le motif d&rsquo;un bracelet, mais pr\u00e9f\u00e9rez les couleurs d&rsquo;un autre ? N&rsquo;h\u00e9sitez pas \u00e0 \u00e9crire via le formulaire sur la page \u00ab\u00a0contactez-nous\u00a0\u00bb ci-dessous!<\/p>\n","protected":false},"author":1,"featured_media":0,"parent":0,"menu_order":0,"comment_status":"closed","ping_status":"closed","template":"","meta":{"footnotes":""},"class_list":["post-1121","page","type-page","status-publish"],"jetpack_sharing_enabled":true,"_links":{"self":[{"href":"https:\/\/kuukcollection.com\/index.php?rest_route=\/wp\/v2\/pages\/1121","targetHints":{"allow":["GET"]}}],"collection":[{"href":"https:\/\/kuukcollection.com\/index.php?rest_route=\/wp\/v2\/pages"}],"about":[{"href":"https:\/\/kuukcollection.com\/index.php?rest_route=\/wp\/v2\/types\/page"}],"author":[{"embeddable":true,"href":"https:\/\/kuukcollection.com\/index.php?rest_route=\/wp\/v2\/users\/1"}],"replies":[{"embeddable":true,"href":"https:\/\/kuukcollection.com\/index.php?rest_route=%2Fwp%2Fv2%2Fcomments&post=1121"}],"version-history":[{"count":8,"href":"https:\/\/kuukcollection.com\/index.php?rest_route=\/wp\/v2\/pages\/1121\/revisions"}],"predecessor-version":[{"id":1130,"href":"https:\/\/kuukcollection.com\/index.php?rest_route=\/wp\/v2\/pages\/1121\/revisions\/1130"}],"wp:attachment":[{"href":"https:\/\/kuukcollection.com\/index.php?rest_route=%2Fwp%2Fv2%2Fmedia&parent=1121"}],"curies":[{"name":"wp","href":"https:\/\/api.w.org\/{rel}","templated":true}]}}